{"id":876,"date":"2023-05-09T15:54:54","date_gmt":"2023-05-09T13:54:54","guid":{"rendered":"https:\/\/bigboxen.de\/?page_id=876"},"modified":"2025-10-29T11:58:07","modified_gmt":"2025-10-29T10:58:07","slug":"impressum","status":"publish","type":"page","link":"https:\/\/www.rotogal.de\/nl\/impressum\/","title":{"rendered":"Juridische kennisgeving"},"content":{"rendered":"<div class=\"wp-block-stackable-columns alignfull stk-block-columns stk-has-bottom-separator stk-block stk-5e6e6c8 stk-block-background stk--has-background-overlay\" data-block-id=\"5e6e6c8\"><style>.stk-5e6e6c8 .stk--block-align-5e6e6c8{align-items:center !important;}.stk-5e6e6c8 {background-color:linear-gradient(160deg, var(--theme-palette-color-2, #5e3fde) 6%, #000000 100%) !important;box-shadow:none !important;min-height:300px !important;padding-top:0px !important;padding-bottom:0px !important;margin-top:0px !important;margin-right:auto !important;margin-left:auto !important;}.stk-5e6e6c8:before{background-image:linear-gradient(160deg, var(--theme-palette-color-2, #5e3fde) 6%, #000000 100%) !important;}.stk-5e6e6c8 > .stk-separator__bottom .stk-separator__wrapper{transform:scaleX(1.3) !important;height:150px !important;}.stk-5e6e6c8-column{--stk-column-gap:46px !important;}@media screen and (max-width:689px){.stk-5e6e6c8 > .stk-separator__bottom .stk-separator__wrapper{height:80px !important;}}<\/style><div class=\"stk-row stk-inner-blocks stk--block-align-5e6e6c8 stk-block-content stk-content-align stk-5e6e6c8-column\"><\/div><div class=\"stk-separator stk-separator__bottom\"><div class=\"stk-separator__wrapper\"><svg xmlns=\"http:\/\/www.w3.org\/2000\/svg\" viewbox=\"0 0 1600 200\" class=\"stk-separator__layer-1\" preserveaspectratio=\"none\" aria-hidden=\"true\"><path class=\"curve-2_svg__st2\" d=\"M-10 207.6h1620S1430.8 23.8 1138.3 23.8C884 23.8 234.9 140.1-10 197.9v9.7z\"><\/path><\/svg><\/div><\/div><\/div>\n\n\n\n<h1 class=\"wp-block-heading\">Juridische kennisgeving<\/h1>\n\n\n\n<p><strong>Rotogal GmbH<\/strong><br>Dorfstr. 77<br>49849 Wilsum<\/p>\n\n\n\n<p>Handelsregister: HRB208659<br>Rechtbank van inschrijving: Kantongerecht Osnabr\u00fcck<\/p>\n\n\n\n<p><strong>Vertegenwoordigd door:<\/strong><br>Algemeen directeur Gilbert Mommertz<\/p>\n\n\n\n<h2 class=\"wp-block-heading\">Neem contact met ons op<\/h2>\n\n\n\n<p>Telefoon: <a href=\"tel:+4959459959240\">05945-9959-240<\/a><br>e-mail: <a href=\"mailto:info@rotogal.de\">info@rotogal.de<\/a><\/p>\n\n\n\n<h2 class=\"wp-block-heading\">Verkoopbelasting ID<\/h2>\n\n\n\n<p>Omzetbelastingidentificatienummer volgens \u00a7 27 a van de wet op de omzetbelasting:<br>DE294750940<\/p>\n\n\n\n<h2 class=\"wp-block-heading\">EU-geschillenbeslechting<\/h2>\n\n\n\n<p>De Europese Commissie biedt een platform voor online geschillenbeslechting (OS): <a href=\"https:\/\/ec.europa.eu\/consumers\/odr\/\" target=\"_blank\" rel=\"noreferrer noopener\">https:\/\/ec.europa.eu\/consumers\/odr\/<\/a>.<br>U vindt ons e-mailadres in de bovenstaande wettelijke kennisgeving.<\/p>\n\n\n\n<h2 class=\"wp-block-heading\">Centrum voor beslechting van consumentengeschillen\/universeel arbitragecentrum<\/h2>\n\n\n\n<p>We zijn niet bereid of verplicht om deel te nemen aan geschillenbeslechtingsprocedures voor een arbitragecommissie voor consumenten.<\/p>\n\n\n\n<div style=\"height:100px\" aria-hidden=\"true\" class=\"wp-block-spacer\"><\/div>","protected":false},"excerpt":{"rendered":"<p>Impressum Rotogal GmbHDorfstr. 7749849 Wilsum Handelsregister: HRB208659Registergericht: Amtsgericht Osnabr\u00fcck Vertreten durch:Gesch\u00e4ftsf\u00fchrer Gilbert Mommertz Kontakt Telefon: 05945-9959-240E-Mail: info@rotogal.de Umsatzsteuer-ID Umsatzsteuer-Identifikationsnummer gem\u00e4\u00df \u00a7 27 a Umsatzsteuergesetz:DE294750940 EU-Streitschlichtung Die Europ\u00e4ische Kommission stellt eine Plattform zur Online-Streitbeilegung (OS) bereit: https:\/\/ec.europa.eu\/consumers\/odr\/.Unsere E-Mail-Adresse finden Sie oben im Impressum. Verbraucher\u00adstreit\u00adbeilegung\/Universal\u00adschlichtungs\u00adstelle Wir sind nicht bereit oder verpflichtet, an Streitbeilegungsverfahren vor einer Verbraucherschlichtungsstelle teilzunehmen.<\/p>","protected":false},"author":1,"featured_media":0,"parent":0,"menu_order":0,"comment_status":"closed","ping_status":"closed","template":"","meta":{"footnotes":""},"class_list":["post-876","page","type-page","status-publish","hentry"],"blocksy_meta":{"styles_descriptor":{"styles":{"desktop":"","tablet":"","mobile":""},"google_fonts":[],"version":6}},"yoast_head":"<!-- This site is optimized with the Yoast SEO plugin v26.4 - https:\/\/yoast.com\/wordpress\/plugins\/seo\/ -->\n<title>Impressum - Rotogal | Hochqualitative Beh\u00e4lter und Paletten f\u00fcr die Nahrungsmittel und Hygienebranche<\/title>\n<meta name=\"robots\" content=\"index, follow, max-snippet:-1, max-image-preview:large, max-video-preview:-1\" \/>\n<link rel=\"canonical\" href=\"https:\/\/www.rotogal.de\/nl\/impressum\/\" \/>\n<meta property=\"og:locale\" content=\"nl_NL\" \/>\n<meta property=\"og:type\" content=\"article\" \/>\n<meta property=\"og:title\" content=\"Impressum - Rotogal | Hochqualitative Beh\u00e4lter und Paletten f\u00fcr die Nahrungsmittel und Hygienebranche\" \/>\n<meta property=\"og:description\" content=\"Impressum Rotogal GmbHDorfstr. 7749849 Wilsum Handelsregister: HRB208659Registergericht: Amtsgericht Osnabr\u00fcck Vertreten durch:Gesch\u00e4ftsf\u00fchrer Gilbert Mommertz Kontakt Telefon: 05945-9959-240E-Mail: info@rotogal.de Umsatzsteuer-ID Umsatzsteuer-Identifikationsnummer gem\u00e4\u00df \u00a7 27 a Umsatzsteuergesetz:DE294750940 EU-Streitschlichtung Die Europ\u00e4ische Kommission stellt eine Plattform zur Online-Streitbeilegung (OS) bereit: https:\/\/ec.europa.eu\/consumers\/odr\/.Unsere E-Mail-Adresse finden Sie oben im Impressum. Verbraucher\u00adstreit\u00adbeilegung\/Universal\u00adschlichtungs\u00adstelle Wir sind nicht bereit oder verpflichtet, an Streitbeilegungsverfahren vor einer Verbraucherschlichtungsstelle teilzunehmen.\" \/>\n<meta property=\"og:url\" content=\"https:\/\/www.rotogal.de\/nl\/impressum\/\" \/>\n<meta property=\"og:site_name\" content=\"Rotogal | Hochqualitative Beh\u00e4lter und Paletten f\u00fcr die Nahrungsmittel und Hygienebranche\" \/>\n<meta property=\"article:modified_time\" content=\"2025-10-29T10:58:07+00:00\" \/>\n<meta name=\"twitter:card\" content=\"summary_large_image\" \/>\n<meta name=\"twitter:label1\" content=\"Geschatte leestijd\" \/>\n\t<meta name=\"twitter:data1\" content=\"1 minuut\" \/>\n<script type=\"application\/ld+json\" class=\"yoast-schema-graph\">{\"@context\":\"https:\/\/schema.org\",\"@graph\":[{\"@type\":\"WebPage\",\"@id\":\"https:\/\/www.rotogal.de\/impressum\/\",\"url\":\"https:\/\/www.rotogal.de\/impressum\/\",\"name\":\"Impressum - Rotogal | Hochqualitative Beh\u00e4lter und Paletten f\u00fcr die Nahrungsmittel und Hygienebranche\",\"isPartOf\":{\"@id\":\"https:\/\/www.rotogal.de\/#website\"},\"datePublished\":\"2023-05-09T13:54:54+00:00\",\"dateModified\":\"2025-10-29T10:58:07+00:00\",\"breadcrumb\":{\"@id\":\"https:\/\/www.rotogal.de\/impressum\/#breadcrumb\"},\"inLanguage\":\"nl-NL\",\"potentialAction\":[{\"@type\":\"ReadAction\",\"target\":[\"https:\/\/www.rotogal.de\/impressum\/\"]}]},{\"@type\":\"BreadcrumbList\",\"@id\":\"https:\/\/www.rotogal.de\/impressum\/#breadcrumb\",\"itemListElement\":[{\"@type\":\"ListItem\",\"position\":1,\"name\":\"Startseite\",\"item\":\"https:\/\/www.rotogal.de\/\"},{\"@type\":\"ListItem\",\"position\":2,\"name\":\"Impressum\"}]},{\"@type\":\"WebSite\",\"@id\":\"https:\/\/www.rotogal.de\/#website\",\"url\":\"https:\/\/www.rotogal.de\/\",\"name\":\"Rotogal | Hochqualitative Beh\u00e4lter und Paletten f\u00fcr die Nahrungsmittel und Hygienebranche\",\"description\":\"\",\"publisher\":{\"@id\":\"https:\/\/www.rotogal.de\/#organization\"},\"potentialAction\":[{\"@type\":\"SearchAction\",\"target\":{\"@type\":\"EntryPoint\",\"urlTemplate\":\"https:\/\/www.rotogal.de\/?s={search_term_string}\"},\"query-input\":{\"@type\":\"PropertyValueSpecification\",\"valueRequired\":true,\"valueName\":\"search_term_string\"}}],\"inLanguage\":\"nl-NL\"},{\"@type\":\"Organization\",\"@id\":\"https:\/\/www.rotogal.de\/#organization\",\"name\":\"Rotogal | Hochqualitative Beh\u00e4lter und Paletten f\u00fcr die Nahrungsmittel und Hygienebranche\",\"url\":\"https:\/\/www.rotogal.de\/\",\"logo\":{\"@type\":\"ImageObject\",\"inLanguage\":\"nl-NL\",\"@id\":\"https:\/\/www.rotogal.de\/#\/schema\/logo\/image\/\",\"url\":\"https:\/\/www.rotogal.de\/wp-content\/uploads\/2023\/01\/rotogal-logo.png\",\"contentUrl\":\"https:\/\/www.rotogal.de\/wp-content\/uploads\/2023\/01\/rotogal-logo.png\",\"width\":703,\"height\":145,\"caption\":\"Rotogal | Hochqualitative Beh\u00e4lter und Paletten f\u00fcr die Nahrungsmittel und Hygienebranche\"},\"image\":{\"@id\":\"https:\/\/www.rotogal.de\/#\/schema\/logo\/image\/\"}}]}<\/script>\n<!-- \/ Yoast SEO plugin. -->","yoast_head_json":{"title":"Impressum - Rotogal | Hochqualitative Beh\u00e4lter und Paletten f\u00fcr die Nahrungsmittel und Hygienebranche","robots":{"index":"index","follow":"follow","max-snippet":"max-snippet:-1","max-image-preview":"max-image-preview:large","max-video-preview":"max-video-preview:-1"},"canonical":"https:\/\/www.rotogal.de\/nl\/impressum\/","og_locale":"nl_NL","og_type":"article","og_title":"Impressum - Rotogal | Hochqualitative Beh\u00e4lter und Paletten f\u00fcr die Nahrungsmittel und Hygienebranche","og_description":"Impressum Rotogal GmbHDorfstr. 7749849 Wilsum Handelsregister: HRB208659Registergericht: Amtsgericht Osnabr\u00fcck Vertreten durch:Gesch\u00e4ftsf\u00fchrer Gilbert Mommertz Kontakt Telefon: 05945-9959-240E-Mail: info@rotogal.de Umsatzsteuer-ID Umsatzsteuer-Identifikationsnummer gem\u00e4\u00df \u00a7 27 a Umsatzsteuergesetz:DE294750940 EU-Streitschlichtung Die Europ\u00e4ische Kommission stellt eine Plattform zur Online-Streitbeilegung (OS) bereit: https:\/\/ec.europa.eu\/consumers\/odr\/.Unsere E-Mail-Adresse finden Sie oben im Impressum. Verbraucher\u00adstreit\u00adbeilegung\/Universal\u00adschlichtungs\u00adstelle Wir sind nicht bereit oder verpflichtet, an Streitbeilegungsverfahren vor einer Verbraucherschlichtungsstelle teilzunehmen.","og_url":"https:\/\/www.rotogal.de\/nl\/impressum\/","og_site_name":"Rotogal | Hochqualitative Beh\u00e4lter und Paletten f\u00fcr die Nahrungsmittel und Hygienebranche","article_modified_time":"2025-10-29T10:58:07+00:00","twitter_card":"summary_large_image","twitter_misc":{"Geschatte leestijd":"1 minuut"},"schema":{"@context":"https:\/\/schema.org","@graph":[{"@type":"WebPage","@id":"https:\/\/www.rotogal.de\/impressum\/","url":"https:\/\/www.rotogal.de\/impressum\/","name":"Impressum - Rotogal | Hochqualitative Beh\u00e4lter und Paletten f\u00fcr die Nahrungsmittel und Hygienebranche","isPartOf":{"@id":"https:\/\/www.rotogal.de\/#website"},"datePublished":"2023-05-09T13:54:54+00:00","dateModified":"2025-10-29T10:58:07+00:00","breadcrumb":{"@id":"https:\/\/www.rotogal.de\/impressum\/#breadcrumb"},"inLanguage":"nl-NL","potentialAction":[{"@type":"ReadAction","target":["https:\/\/www.rotogal.de\/impressum\/"]}]},{"@type":"BreadcrumbList","@id":"https:\/\/www.rotogal.de\/impressum\/#breadcrumb","itemListElement":[{"@type":"ListItem","position":1,"name":"Startseite","item":"https:\/\/www.rotogal.de\/"},{"@type":"ListItem","position":2,"name":"Impressum"}]},{"@type":"WebSite","@id":"https:\/\/www.rotogal.de\/#website","url":"https:\/\/www.rotogal.de\/","name":"Rotogal | Hoogwaardige bakken en pallets voor de voedsel- en hygi\u00ebne-industrie","description":"","publisher":{"@id":"https:\/\/www.rotogal.de\/#organization"},"potentialAction":[{"@type":"SearchAction","target":{"@type":"EntryPoint","urlTemplate":"https:\/\/www.rotogal.de\/?s={search_term_string}"},"query-input":{"@type":"PropertyValueSpecification","valueRequired":true,"valueName":"search_term_string"}}],"inLanguage":"nl-NL"},{"@type":"Organization","@id":"https:\/\/www.rotogal.de\/#organization","name":"Rotogal | Hoogwaardige bakken en pallets voor de voedsel- en hygi\u00ebne-industrie","url":"https:\/\/www.rotogal.de\/","logo":{"@type":"ImageObject","inLanguage":"nl-NL","@id":"https:\/\/www.rotogal.de\/#\/schema\/logo\/image\/","url":"https:\/\/www.rotogal.de\/wp-content\/uploads\/2023\/01\/rotogal-logo.png","contentUrl":"https:\/\/www.rotogal.de\/wp-content\/uploads\/2023\/01\/rotogal-logo.png","width":703,"height":145,"caption":"Rotogal | Hochqualitative Beh\u00e4lter und Paletten f\u00fcr die Nahrungsmittel und Hygienebranche"},"image":{"@id":"https:\/\/www.rotogal.de\/#\/schema\/logo\/image\/"}}]}},"_links":{"self":[{"href":"https:\/\/www.rotogal.de\/nl\/wp-json\/wp\/v2\/pages\/876","targetHints":{"allow":["GET"]}}],"collection":[{"href":"https:\/\/www.rotogal.de\/nl\/wp-json\/wp\/v2\/pages"}],"about":[{"href":"https:\/\/www.rotogal.de\/nl\/wp-json\/wp\/v2\/types\/page"}],"author":[{"embeddable":true,"href":"https:\/\/www.rotogal.de\/nl\/wp-json\/wp\/v2\/users\/1"}],"replies":[{"embeddable":true,"href":"https:\/\/www.rotogal.de\/nl\/wp-json\/wp\/v2\/comments?post=876"}],"version-history":[{"count":10,"href":"https:\/\/www.rotogal.de\/nl\/wp-json\/wp\/v2\/pages\/876\/revisions"}],"predecessor-version":[{"id":2688,"href":"https:\/\/www.rotogal.de\/nl\/wp-json\/wp\/v2\/pages\/876\/revisions\/2688"}],"wp:attachment":[{"href":"https:\/\/www.rotogal.de\/nl\/wp-json\/wp\/v2\/media?parent=876"}],"curies":[{"name":"wp","href":"https:\/\/api.w.org\/{rel}","templated":true}]}}